{"id":115,"date":"2020-03-22T08:14:55","date_gmt":"2020-03-22T07:14:55","guid":{"rendered":"https:\/\/tramelan.associationbaptiste.org\/?page_id=115"},"modified":"2024-04-02T11:10:17","modified_gmt":"2024-04-02T09:10:17","slug":"contact","status":"publish","type":"page","link":"https:\/\/oratoiretramelan.ch\/index.php\/contact\/","title":{"rendered":"Contact"},"content":{"rendered":"\n<p class=\"has-text-align-center\"><strong>Nous contacter, nous trouver, donner, infos sur le village<\/strong><\/p>\n\n\n\n<div style=\"height:20px\" aria-hidden=\"true\" class=\"wp-block-spacer\"><\/div>\n\n\n\n<h3 class=\"wp-block-heading\">Pour nous contacter<\/h3>\n\n\n\n<ul class=\"wp-block-list\">\n<li><strong>T\u00e9l\u00e9phone <\/strong>des pasteurs \n<ul class=\"wp-block-list\">\n<li>\u00c9tienne GROSRENAUD : +41 77 528 72 49<\/li>\n\n\n\n<li>Paul HARRISON: +41 78 406 91 08<\/li>\n<\/ul>\n<\/li>\n<\/ul>\n\n\n\n<ul class=\"wp-block-list\">\n<li>Pour nous <strong>\u00e9crire <\/strong>: EEBT, Rue Albert-Gobat 9, CH-2720 Tramelan<\/li>\n<\/ul>\n\n\n\n<ul class=\"wp-block-list\">\n<li>Par <strong>email<\/strong> : info@oratoiretramelan.ch<\/li>\n<\/ul>\n\n\n\n<hr class=\"wp-block-separator has-css-opacity\"\/>\n\n\n\n<h3 class=\"wp-block-heading\">Pour nous trouver <\/h3>\n\n\n\n<figure><iframe loading=\"lazy\" src=\"https:\/\/www.google.com\/maps\/embed?pb=!1m18!1m12!1m3!1d9114.26434259885!2d7.095422031183924!3d47.22270634591744!2m3!1f0!2f0!3f0!3m2!1i1024!2i768!4f13.1!3m3!1m2!1s0x478e0270a5e4ca6d%3A0xa3cc290b49ef33a9!2sRue%20Albert-Gobat%209%2C%202720%20Tramelan!5e0!3m2!1sfr!2sch!4v1584898501037!5m2!1sfr!2sch\" style=\"border:0;\" allowfullscreen=\"\" aria-hidden=\"false\" tabindex=\"0\" width=\"600\" height=\"450\" frameborder=\"0\"><\/iframe><\/figure>\n\n\n\n<figure class=\"wp-block-image size-large\"><img loading=\"lazy\" decoding=\"async\" width=\"499\" height=\"450\" src=\"https:\/\/tramelan.associationbaptiste.org\/wp-content\/uploads\/2020\/03\/Carte-Tramelan.png\" alt=\"\" class=\"wp-image-247\"\/><\/figure>\n\n\n\n<p><\/p>\n\n\n\n<div style=\"height:38px\" aria-hidden=\"true\" class=\"wp-block-spacer\"><\/div>\n\n\n\n<hr class=\"wp-block-separator has-css-opacity\"\/>\n\n\n\n<h3 class=\"wp-block-heading\">Coordonn\u00e9es bancaires<\/h3>\n\n\n\n<p><strong>\u00c9glise <\/strong>: <\/p>\n\n\n\n<ul class=\"wp-block-list\">\n<li>Banque Cantonale Bernoise SA (BCBE), 3011 Berne<\/li>\n\n\n\n<li>IBAN : CH76 0079 0042 4209 1225 9<\/li>\n<\/ul>\n\n\n\n<p><br><strong>Soci\u00e9t\u00e9 du b\u00e2timent<\/strong> : <\/p>\n\n\n\n<ul class=\"wp-block-list\">\n<li>Caisse d&rsquo;Epargne CEC SA, 2608 Courtelary<\/li>\n\n\n\n<li>IBAN : CH87 0624 0016 1076 7120 6<\/li>\n<\/ul>\n\n\n\n<div style=\"height:20px\" aria-hidden=\"true\" class=\"wp-block-spacer\"><\/div>\n\n\n\n<hr class=\"wp-block-separator has-css-opacity\"\/>\n\n\n\n<h3 class=\"wp-block-heading\">Pour en savoir plus sur notre commune<\/h3>\n\n\n\n<p>Site officiel de la<strong> <a href=\"https:\/\/www.tramelan.ch\/index.php\" target=\"_blank\" rel=\"noreferrer noopener\" aria-label=\" (s\u2019ouvre dans un nouvel onglet)\">commune de Tramelan<\/a><\/strong><\/p>\n\n\n\n<div style=\"height:20px\" aria-hidden=\"true\" class=\"wp-block-spacer\"><\/div>\n\n\n\n<hr class=\"wp-block-separator has-css-opacity\"\/>\n\n\n\n<div style=\"height:45px\" aria-hidden=\"true\" class=\"wp-block-spacer\"><\/div>\n","protected":false},"excerpt":{"rendered":"<p>Nous contacter, nous trouver, donner, infos sur le village Pour nous contacter Pour nous trouver Coordonn\u00e9es bancaires \u00c9glise : Soci\u00e9t\u00e9 du b\u00e2timent : Pour en savoir plus sur notre commune &hellip; <\/p>\n","protected":false},"author":1,"featured_media":344,"parent":0,"menu_order":0,"comment_status":"closed","ping_status":"closed","template":"","meta":{"footnotes":""},"class_list":["post-115","page","type-page","status-publish","has-post-thumbnail","hentry"],"_links":{"self":[{"href":"https:\/\/oratoiretramelan.ch\/index.php\/wp-json\/wp\/v2\/pages\/115","targetHints":{"allow":["GET"]}}],"collection":[{"href":"https:\/\/oratoiretramelan.ch\/index.php\/wp-json\/wp\/v2\/pages"}],"about":[{"href":"https:\/\/oratoiretramelan.ch\/index.php\/wp-json\/wp\/v2\/types\/page"}],"author":[{"embeddable":true,"href":"https:\/\/oratoiretramelan.ch\/index.php\/wp-json\/wp\/v2\/users\/1"}],"replies":[{"embeddable":true,"href":"https:\/\/oratoiretramelan.ch\/index.php\/wp-json\/wp\/v2\/comments?post=115"}],"version-history":[{"count":44,"href":"https:\/\/oratoiretramelan.ch\/index.php\/wp-json\/wp\/v2\/pages\/115\/revisions"}],"predecessor-version":[{"id":2930,"href":"https:\/\/oratoiretramelan.ch\/index.php\/wp-json\/wp\/v2\/pages\/115\/revisions\/2930"}],"wp:featuredmedia":[{"embeddable":true,"href":"https:\/\/oratoiretramelan.ch\/index.php\/wp-json\/wp\/v2\/media\/344"}],"wp:attachment":[{"href":"https:\/\/oratoiretramelan.ch\/index.php\/wp-json\/wp\/v2\/media?parent=115"}],"curies":[{"name":"wp","href":"https:\/\/api.w.org\/{rel}","templated":true}]}}