{"id":188,"date":"2020-03-22T14:25:38","date_gmt":"2020-03-22T13:25:38","guid":{"rendered":"https:\/\/tramelan.associationbaptiste.org\/?page_id=188"},"modified":"2020-06-07T06:28:03","modified_gmt":"2020-06-07T04:28:03","slug":"cultes-en-ligne","status":"publish","type":"page","link":"https:\/\/oratoiretramelan.ch\/index.php\/messages-video-et-cultes-en-ligne\/cultes-en-ligne\/","title":{"rendered":"Autres cultes en ligne"},"content":{"rendered":"\n<hr class=\"wp-block-separator\"\/>\n\n\n\n<h4 class=\"wp-block-heading\">Plusieurs \u00c9glises voisines et de notre association publient des cultes en lignes<\/h4>\n\n\n\n<p>Voici quelques liens utiles. Bonne \u00e9coute !<\/p>\n\n\n\n<ul class=\"wp-block-list\"><li>Lien vers le site de l&rsquo;\u00c9glise de <a rel=\"noreferrer noopener\" aria-label=\" (s\u2019ouvre dans un nouvel onglet)\" href=\"https:\/\/eebb.ch\/\" target=\"_blank\"><strong>Bienne<\/strong><\/a><\/li><li>Lien vers la chaine YouTube de l&rsquo;\u00c9glise de <strong><a rel=\"noreferrer noopener\" aria-label=\" (s\u2019ouvre dans un nouvel onglet)\" href=\"https:\/\/www.youtube.com\/channel\/UCfwiLNIv3YYwaqASUsh2VIg\" target=\"_blank\">Court<\/a><\/strong><\/li><li> Page \u00ab\u00a0Enregistrements\u00a0\u00bb du site de l&rsquo;\u00c9glise de <a rel=\"noreferrer noopener\" href=\"https:\/\/mulhouse.associationbaptiste.org\/category\/audio\/\" target=\"_blank\"><strong>Mulhouse<\/strong><\/a> <\/li><\/ul>\n\n\n\n<ul class=\"wp-block-list\"><li>Et beaucoup d&rsquo;autres cultes en ligne &#8230; sur la page sp\u00e9ciale de notre union d&rsquo;\u00c9glises <strong><a href=\"https:\/\/associationbaptiste.org\/cultes-et-contenu-en-ligne-de-certaines-de-nos-eglises\/\" target=\"_blank\" rel=\"noreferrer noopener\" aria-label=\"Cultes AEEBLF (s\u2019ouvre dans un nouvel onglet)\">Cultes AEEBLF<\/a><\/strong><\/li><\/ul>\n\n\n\n<hr class=\"wp-block-separator\"\/>\n\n\n\n<p><\/p>\n","protected":false},"excerpt":{"rendered":"<p>Plusieurs \u00c9glises voisines et de notre association publient des cultes en lignes Voici quelques liens utiles. Bonne \u00e9coute ! Lien vers le site de l&rsquo;\u00c9glise de Bienne Lien vers la &hellip; <\/p>\n","protected":false},"author":4,"featured_media":380,"parent":164,"menu_order":0,"comment_status":"closed","ping_status":"closed","template":"","meta":{"footnotes":""},"class_list":["post-188","page","type-page","status-publish","has-post-thumbnail","hentry"],"_links":{"self":[{"href":"https:\/\/oratoiretramelan.ch\/index.php\/wp-json\/wp\/v2\/pages\/188","targetHints":{"allow":["GET"]}}],"collection":[{"href":"https:\/\/oratoiretramelan.ch\/index.php\/wp-json\/wp\/v2\/pages"}],"about":[{"href":"https:\/\/oratoiretramelan.ch\/index.php\/wp-json\/wp\/v2\/types\/page"}],"author":[{"embeddable":true,"href":"https:\/\/oratoiretramelan.ch\/index.php\/wp-json\/wp\/v2\/users\/4"}],"replies":[{"embeddable":true,"href":"https:\/\/oratoiretramelan.ch\/index.php\/wp-json\/wp\/v2\/comments?post=188"}],"version-history":[{"count":74,"href":"https:\/\/oratoiretramelan.ch\/index.php\/wp-json\/wp\/v2\/pages\/188\/revisions"}],"predecessor-version":[{"id":940,"href":"https:\/\/oratoiretramelan.ch\/index.php\/wp-json\/wp\/v2\/pages\/188\/revisions\/940"}],"up":[{"embeddable":true,"href":"https:\/\/oratoiretramelan.ch\/index.php\/wp-json\/wp\/v2\/pages\/164"}],"wp:featuredmedia":[{"embeddable":true,"href":"https:\/\/oratoiretramelan.ch\/index.php\/wp-json\/wp\/v2\/media\/380"}],"wp:attachment":[{"href":"https:\/\/oratoiretramelan.ch\/index.php\/wp-json\/wp\/v2\/media?parent=188"}],"curies":[{"name":"wp","href":"https:\/\/api.w.org\/{rel}","templated":true}]}}