{"id":358,"date":"2020-03-28T02:28:07","date_gmt":"2020-03-28T01:28:07","guid":{"rendered":"https:\/\/oratoiretramelan.ch\/?page_id=358"},"modified":"2021-05-02T04:34:14","modified_gmt":"2021-05-02T02:34:14","slug":"chroniques-du-pasteur","status":"publish","type":"page","link":"https:\/\/oratoiretramelan.ch\/index.php\/chroniques-du-pasteur\/","title":{"rendered":"Chroniques du pasteur"},"content":{"rendered":"\n<hr class=\"wp-block-separator\"\/>\n\n\n\n<div class=\"wp-block-columns is-layout-flex wp-container-core-columns-is-layout-9d6595d7 wp-block-columns-is-layout-flex\">\n<div class=\"wp-block-column is-layout-flow wp-block-column-is-layout-flow\" style=\"flex-basis:61.25%\">\n<h3 class=\"wp-block-heading\"><a href=\"https:\/\/oratoiretramelan.ch\/wp-admin\/post.php?post=1262&amp;action=edit\">Les feuilles tombent&#8230;<\/a><\/h3>\n\n\n\n<figure class=\"wp-block-image size-large is-resized\"><a href=\"https:\/\/oratoiretramelan.ch\/wp-admin\/post.php?post=1262&amp;action=edit\"><img loading=\"lazy\" decoding=\"async\" src=\"https:\/\/oratoiretramelan.ch\/wp-content\/uploads\/2020\/10\/bon-automne-2020.png\" alt=\"\" class=\"wp-image-1264\" width=\"357\" height=\"228\"\/><\/a><\/figure>\n\n\n\n<div style=\"height:65px\" aria-hidden=\"true\" class=\"wp-block-spacer\"><\/div>\n\n\n\n<h3 class=\"wp-block-heading\"><a href=\"https:\/\/oratoiretramelan.ch\/wp-admin\/post.php?post=1262&amp;action=edit\">Sa bont\u00e9, chaque matin&#8230;<\/a><\/h3>\n\n\n\n<figure class=\"wp-block-image size-large is-resized\"><img loading=\"lazy\" decoding=\"async\" src=\"https:\/\/oratoiretramelan.ch\/wp-content\/uploads\/2020\/03\/Lam-3-chaque-matin1.png\" alt=\"\" class=\"wp-image-359\" width=\"360\" height=\"301\"\/><\/figure>\n\n\n\n<figure class=\"wp-block-embed is-type-wp-embed is-provider-eglise-evangelique-baptiste-de-tramelan-eebt wp-block-embed-eglise-evangelique-baptiste-de-tramelan-eebt\"><div class=\"wp-block-embed__wrapper\">\n<blockquote class=\"wp-embedded-content\" data-secret=\"L4y4yk7Rq2\"><a href=\"https:\/\/oratoiretramelan.ch\/index.php\/2020\/04\/03\/sa-bonte-chaque-matin\/\">Sa bont\u00e9, chaque matin<\/a><\/blockquote><iframe loading=\"lazy\" title=\"\u00ab\u00a0Sa bont\u00e9, chaque matin\u00a0\u00bb &#8212; \u00c9glise \u00c9vang\u00e9lique Baptiste de Tramelan (EEBT)\" class=\"wp-embedded-content\" sandbox=\"allow-scripts\" security=\"restricted\" style=\"position: absolute; clip: rect(1px, 1px, 1px, 1px);\" src=\"https:\/\/oratoiretramelan.ch\/index.php\/2020\/04\/03\/sa-bonte-chaque-matin\/embed\/#?secret=L4y4yk7Rq2\" data-secret=\"L4y4yk7Rq2\" width=\"600\" height=\"338\" frameborder=\"0\" marginwidth=\"0\" marginheight=\"0\" scrolling=\"no\"><\/iframe>\n<\/div><\/figure>\n<\/div>\n<\/div>\n","protected":false},"excerpt":{"rendered":"<p>Les feuilles tombent&#8230; Sa bont\u00e9, chaque matin&#8230;<\/p>\n","protected":false},"author":4,"featured_media":365,"parent":0,"menu_order":0,"comment_status":"closed","ping_status":"closed","template":"","meta":{"footnotes":""},"class_list":["post-358","page","type-page","status-publish","has-post-thumbnail","hentry"],"_links":{"self":[{"href":"https:\/\/oratoiretramelan.ch\/index.php\/wp-json\/wp\/v2\/pages\/358","targetHints":{"allow":["GET"]}}],"collection":[{"href":"https:\/\/oratoiretramelan.ch\/index.php\/wp-json\/wp\/v2\/pages"}],"about":[{"href":"https:\/\/oratoiretramelan.ch\/index.php\/wp-json\/wp\/v2\/types\/page"}],"author":[{"embeddable":true,"href":"https:\/\/oratoiretramelan.ch\/index.php\/wp-json\/wp\/v2\/users\/4"}],"replies":[{"embeddable":true,"href":"https:\/\/oratoiretramelan.ch\/index.php\/wp-json\/wp\/v2\/comments?post=358"}],"version-history":[{"count":20,"href":"https:\/\/oratoiretramelan.ch\/index.php\/wp-json\/wp\/v2\/pages\/358\/revisions"}],"predecessor-version":[{"id":1896,"href":"https:\/\/oratoiretramelan.ch\/index.php\/wp-json\/wp\/v2\/pages\/358\/revisions\/1896"}],"wp:featuredmedia":[{"embeddable":true,"href":"https:\/\/oratoiretramelan.ch\/index.php\/wp-json\/wp\/v2\/media\/365"}],"wp:attachment":[{"href":"https:\/\/oratoiretramelan.ch\/index.php\/wp-json\/wp\/v2\/media?parent=358"}],"curies":[{"name":"wp","href":"https:\/\/api.w.org\/{rel}","templated":true}]}}