{"id":8,"date":"2020-03-21T23:35:38","date_gmt":"2020-03-21T22:35:38","guid":{"rendered":"https:\/\/tramelan.associationbaptiste.org\/?page_id=8"},"modified":"2020-03-27T09:52:55","modified_gmt":"2020-03-27T08:52:55","slug":"accueil","status":"publish","type":"page","link":"https:\/\/oratoiretramelan.ch\/","title":{"rendered":"Accueil"},"content":{"rendered":"\n<h2 class=\"wp-block-heading\">Bienvenue sur le site de l\u2019Oratoire, \u00c9glise \u00c9vang\u00e9lique Baptiste de Tramelan.<\/h2>\n\n\n\n<p>En cette p\u00e9riode de confinement voici quelques lien bien utiles pour \u00e9couter des cultes en ligne :<\/p>\n\n\n\n<figure class=\"wp-block-image size-large\"><img loading=\"lazy\" decoding=\"async\" width=\"868\" height=\"367\" src=\"https:\/\/tramelan.associationbaptiste.org\/wp-content\/uploads\/2020\/03\/photo-site1.jpg\" alt=\"\" class=\"wp-image-142\"\/><\/figure>\n\n\n\n<figure class=\"wp-block-image size-large is-resized\"><img loading=\"lazy\" decoding=\"async\" src=\"https:\/\/tramelan.associationbaptiste.org\/wp-content\/uploads\/2020\/03\/img.jpg\" alt=\"\" class=\"wp-image-23\" width=\"640\" height=\"154\"\/><\/figure>\n","protected":false},"excerpt":{"rendered":"<p>Bienvenue sur le site de l\u2019Oratoire, \u00c9glise \u00c9vang\u00e9lique Baptiste de Tramelan. En cette p\u00e9riode de confinement voici quelques lien bien utiles pour \u00e9couter des cultes en ligne :<\/p>\n","protected":false},"author":1,"featured_media":0,"parent":0,"menu_order":0,"comment_status":"closed","ping_status":"closed","template":"","meta":{"footnotes":""},"class_list":["post-8","page","type-page","status-publish","hentry"],"_links":{"self":[{"href":"https:\/\/oratoiretramelan.ch\/index.php\/wp-json\/wp\/v2\/pages\/8","targetHints":{"allow":["GET"]}}],"collection":[{"href":"https:\/\/oratoiretramelan.ch\/index.php\/wp-json\/wp\/v2\/pages"}],"about":[{"href":"https:\/\/oratoiretramelan.ch\/index.php\/wp-json\/wp\/v2\/types\/page"}],"author":[{"embeddable":true,"href":"https:\/\/oratoiretramelan.ch\/index.php\/wp-json\/wp\/v2\/users\/1"}],"replies":[{"embeddable":true,"href":"https:\/\/oratoiretramelan.ch\/index.php\/wp-json\/wp\/v2\/comments?post=8"}],"version-history":[{"count":7,"href":"https:\/\/oratoiretramelan.ch\/index.php\/wp-json\/wp\/v2\/pages\/8\/revisions"}],"predecessor-version":[{"id":349,"href":"https:\/\/oratoiretramelan.ch\/index.php\/wp-json\/wp\/v2\/pages\/8\/revisions\/349"}],"wp:attachment":[{"href":"https:\/\/oratoiretramelan.ch\/index.php\/wp-json\/wp\/v2\/media?parent=8"}],"curies":[{"name":"wp","href":"https:\/\/api.w.org\/{rel}","templated":true}]}}